{"id":3302,"date":"2025-11-04T07:24:27","date_gmt":"2025-11-04T07:24:27","guid":{"rendered":"https:\/\/dytos.eu\/touchscreen-aansluiting-via-hdmi-en-usb\/"},"modified":"2025-11-04T07:24:27","modified_gmt":"2025-11-04T07:24:27","slug":"touchscreen-aansluiting-via-hdmi-en-usb","status":"publish","type":"page","link":"https:\/\/dytos.eu\/en_us\/touchscreen-aansluiting-via-hdmi-en-usb\/","title":{"rendered":"Touchscreen Aansluiting via HDMI en USB"},"content":{"rendered":"","protected":false},"excerpt":{"rendered":"<p>HDMI ondersteunt op zichzelf geen touch-functionaliteit. Deze poort is ontworpen om video- en audiosignalen van een computer naar een monitor te sturen. Voor de touch-input is een aparte, bidirectionele verbinding nodig, meestal via een USB-kabel. Deze kabel stuurt de aanraakco\u00f6rdinaten van het scherm terug naar de computer. Een &#8220;HDMI-touchscreen&#8221; vereist dus vrijwel altijd twee kabels: \u00e9\u00e9n HDMI voor beeld en \u00e9\u00e9n USB voor de aanraakbediening.<\/p>","protected":false},"author":3,"featured_media":0,"parent":0,"menu_order":0,"comment_status":"closed","ping_status":"closed","template":"","meta":{"_acf_changed":false,"inline_featured_image":false,"footnotes":""},"class_list":["post-3302","page","type-page","status-publish","hentry"],"acf":{"label":null,"title":null,"intro":null,"application_1_title":null,"application_1_text":null,"application_2_title":null,"application_2_text":null,"application_3_title":null,"application_3_text":null,"application_4_title":null,"application_4_text":null,"feature_1_title":null,"feature_1_text":null,"feature_2_title":null,"feature_2_text":null,"feature_3_title":null,"feature_3_text":null,"feature_4_title":null,"feature_4_text":null,"featured_image":null},"mb":[],"mfb_rest_fields":["title","gutenberg_elementor_mode"],"_links":{"self":[{"href":"https:\/\/dytos.eu\/en_us\/wp-json\/wp\/v2\/pages\/3302","targetHints":{"allow":["GET"]}}],"collection":[{"href":"https:\/\/dytos.eu\/en_us\/wp-json\/wp\/v2\/pages"}],"about":[{"href":"https:\/\/dytos.eu\/en_us\/wp-json\/wp\/v2\/types\/page"}],"author":[{"embeddable":true,"href":"https:\/\/dytos.eu\/en_us\/wp-json\/wp\/v2\/users\/3"}],"replies":[{"embeddable":true,"href":"https:\/\/dytos.eu\/en_us\/wp-json\/wp\/v2\/comments?post=3302"}],"version-history":[{"count":0,"href":"https:\/\/dytos.eu\/en_us\/wp-json\/wp\/v2\/pages\/3302\/revisions"}],"wp:attachment":[{"href":"https:\/\/dytos.eu\/en_us\/wp-json\/wp\/v2\/media?parent=3302"}],"curies":[{"name":"wp","href":"https:\/\/api.w.org\/{rel}","templated":true}]}}