{"id":751,"date":"2024-09-24T19:01:00","date_gmt":"2024-09-24T19:01:00","guid":{"rendered":"https:\/\/dytos.eu\/?page_id=751"},"modified":"2025-09-05T09:27:23","modified_gmt":"2025-09-05T09:27:23","slug":"missie-en-visie","status":"publish","type":"page","link":"https:\/\/dytos.eu\/en_us\/missie-en-visie\/","title":{"rendered":"Mission and Vision"},"content":{"rendered":"<div data-elementor-type=\"wp-page\" data-elementor-id=\"751\" class=\"elementor elementor-751\" data-elementor-post-type=\"page\">\n\t\t\t\t<div class=\"elementor-element elementor-element-da42548 e-flex e-con-boxed e-con e-parent\" data-id=\"da42548\" data-element_type=\"container\" data-e-type=\"container\" data-settings=\"{&quot;jet_parallax_layout_list&quot;:[]}\">\n\t\t\t\t\t<div class=\"e-con-inner\">\n\t\t<div class=\"elementor-element elementor-element-cde1e07 e-con-full e-flex e-con e-child\" data-id=\"cde1e07\" data-element_type=\"container\" data-e-type=\"container\" data-settings=\"{&quot;background_background&quot;:&quot;classic&quot;,&quot;jet_parallax_layout_list&quot;:[]}\">\n\t\t\t\t<div class=\"elementor-element elementor-element-da242df elementor-widget__width-initial elementor-widget elementor-widget-heading\" data-id=\"da242df\" data-element_type=\"widget\" data-e-type=\"widget\" data-widget_type=\"heading.default\">\n\t\t\t\t<div class=\"elementor-widget-container\">\n\t\t\t\t\t<h2 class=\"elementor-heading-title elementor-size-default\">Mission and Vision<\/h2>\t\t\t\t<\/div>\n\t\t\t\t<\/div>\n\t\t\t\t<\/div>\n\t\t<div class=\"elementor-element elementor-element-b448fa7 e-con-full e-flex e-con e-child\" data-id=\"b448fa7\" data-element_type=\"container\" data-e-type=\"container\" data-settings=\"{&quot;background_background&quot;:&quot;classic&quot;,&quot;jet_parallax_layout_list&quot;:[]}\">\n\t\t\t\t<\/div>\n\t\t\t\t\t<\/div>\n\t\t\t\t<\/div>\n\t\t<div class=\"elementor-element elementor-element-321c586 e-con-full e-flex e-con e-child\" data-id=\"321c586\" data-element_type=\"container\" data-e-type=\"container\" data-settings=\"{&quot;background_background&quot;:&quot;classic&quot;,&quot;jet_parallax_layout_list&quot;:[]}\">\n\t\t<div class=\"elementor-element elementor-element-8570832 e-flex e-con-boxed e-con e-child\" data-id=\"8570832\" data-element_type=\"container\" data-e-type=\"container\" data-settings=\"{&quot;jet_parallax_layout_list&quot;:[]}\">\n\t\t\t\t\t<div class=\"e-con-inner\">\n\t\t\t\t<div class=\"elementor-element elementor-element-2aca993 elementor-widget__width-initial elementor-widget-mobile__width-auto elementor-widget elementor-widget-heading\" data-id=\"2aca993\" data-element_type=\"widget\" data-e-type=\"widget\" data-widget_type=\"heading.default\">\n\t\t\t\t<div class=\"elementor-widget-container\">\n\t\t\t\t\t<h2 class=\"elementor-heading-title elementor-size-default\">Mission<\/h2>\t\t\t\t<\/div>\n\t\t\t\t<\/div>\n\t\t\t\t<div class=\"elementor-element elementor-element-14d7757 elementor-widget__width-initial elementor-widget-mobile__width-auto elementor-widget elementor-widget-text-editor\" data-id=\"14d7757\" data-element_type=\"widget\" data-e-type=\"widget\" data-widget_type=\"text-editor.default\">\n\t\t\t\t<div class=\"elementor-widget-container\">\n\t\t\t\t\t\t\t\t\t<p>At <span class=\"outlook-search-highlight\" data-markjs=\"true\">Dytos<\/span> we strive to transform the industrial sector through advanced PCAP touchscreen technologies. Based in the Netherlands, we develop and manufacture high-quality standard and customer-specific industrial display solutions. Our mission is to provide our industrial customers with robust, reliable and innovative touchscreens that optimize their processes and increase their efficiency. Through continuous innovation and close cooperation with our customers and suppliers, we want to contribute to a more efficient and intuitive interaction between man and machine in industrial environments.<\/p>\t\t\t\t\t\t\t\t<\/div>\n\t\t\t\t<\/div>\n\t\t\t\t\t<\/div>\n\t\t\t\t<\/div>\n\t\t\t\t<\/div>\n\t\t<div class=\"elementor-element elementor-element-123c415 e-con-full e-flex e-con e-child\" data-id=\"123c415\" data-element_type=\"container\" data-e-type=\"container\" data-settings=\"{&quot;background_background&quot;:&quot;classic&quot;,&quot;jet_parallax_layout_list&quot;:[]}\">\n\t\t<div class=\"elementor-element elementor-element-9364b85 e-flex e-con-boxed e-con e-child\" data-id=\"9364b85\" data-element_type=\"container\" data-e-type=\"container\" data-settings=\"{&quot;jet_parallax_layout_list&quot;:[]}\">\n\t\t\t\t\t<div class=\"e-con-inner\">\n\t\t\t\t<div class=\"elementor-element elementor-element-0464410 elementor-widget__width-initial elementor-widget-mobile__width-auto elementor-widget elementor-widget-heading\" data-id=\"0464410\" data-element_type=\"widget\" data-e-type=\"widget\" data-widget_type=\"heading.default\">\n\t\t\t\t<div class=\"elementor-widget-container\">\n\t\t\t\t\t<h2 class=\"elementor-heading-title elementor-size-default\">Vision<\/h2>\t\t\t\t<\/div>\n\t\t\t\t<\/div>\n\t\t\t\t<div class=\"elementor-element elementor-element-0058bd2 elementor-widget__width-initial elementor-widget-mobile__width-auto elementor-widget elementor-widget-text-editor\" data-id=\"0058bd2\" data-element_type=\"widget\" data-e-type=\"widget\" data-widget_type=\"text-editor.default\">\n\t\t\t\t<div class=\"elementor-widget-container\">\n\t\t\t\t\t\t\t\t\t<p>Our vision is to be recognized worldwide as the leading provider of industrial PCAP touchscreen solutions. We want to create a future where touchscreens are an essential part of industrial systems and processes, from automation to machine control. By investing in research and development and conducting business sustainably and responsibly, we strive to maintain technological leadership and have a positive impact on the industrial sector and the environment. We believe in the power of innovation and partnerships to provide breakthrough solutions that improve the industrial world of today and tomorrow.<\/p>\t\t\t\t\t\t\t\t<\/div>\n\t\t\t\t<\/div>\n\t\t\t\t\t<\/div>\n\t\t\t\t<\/div>\n\t\t\t\t<\/div>\n\t\t\t\t<\/div>","protected":false},"excerpt":{"rendered":"<p>Missie en Visie Missie Bij Dytos streven we ernaar de industri\u00eble sector te transformeren door middel van geavanceerde PCAP touchscreen technologie\u00ebn. Vanuit Nederland ontwikkelen en produceren we hoogwaardige standaard en klant specifieke industri\u00eble display oplossingen. Onze missie is om onze industri\u00eble klanten te voorzien van robuuste, betrouwbare en innovatieve touchscreens die hun processen optimaliseren en [&hellip;]<\/p>\n","protected":false},"author":1,"featured_media":0,"parent":0,"menu_order":0,"comment_status":"closed","ping_status":"closed","template":"elementor_header_footer","meta":{"_acf_changed":false,"inline_featured_image":false,"footnotes":""},"class_list":["post-751","page","type-page","status-publish","hentry"],"acf":{"label":null,"title":null,"intro":null,"application_1_title":null,"application_1_text":null,"application_2_title":null,"application_2_text":null,"application_3_title":null,"application_3_text":null,"application_4_title":null,"application_4_text":null,"feature_1_title":null,"feature_1_text":null,"feature_2_title":null,"feature_2_text":null,"feature_3_title":null,"feature_3_text":null,"feature_4_title":null,"feature_4_text":null,"featured_image":null},"mb":[],"mfb_rest_fields":["title","gutenberg_elementor_mode"],"_links":{"self":[{"href":"https:\/\/dytos.eu\/en_us\/wp-json\/wp\/v2\/pages\/751","targetHints":{"allow":["GET"]}}],"collection":[{"href":"https:\/\/dytos.eu\/en_us\/wp-json\/wp\/v2\/pages"}],"about":[{"href":"https:\/\/dytos.eu\/en_us\/wp-json\/wp\/v2\/types\/page"}],"author":[{"embeddable":true,"href":"https:\/\/dytos.eu\/en_us\/wp-json\/wp\/v2\/users\/1"}],"replies":[{"embeddable":true,"href":"https:\/\/dytos.eu\/en_us\/wp-json\/wp\/v2\/comments?post=751"}],"version-history":[{"count":10,"href":"https:\/\/dytos.eu\/en_us\/wp-json\/wp\/v2\/pages\/751\/revisions"}],"predecessor-version":[{"id":2262,"href":"https:\/\/dytos.eu\/en_us\/wp-json\/wp\/v2\/pages\/751\/revisions\/2262"}],"wp:attachment":[{"href":"https:\/\/dytos.eu\/en_us\/wp-json\/wp\/v2\/media?parent=751"}],"curies":[{"name":"wp","href":"https:\/\/api.w.org\/{rel}","templated":true}]}}